{"id":500,"date":"2020-01-13T11:20:16","date_gmt":"2020-01-13T13:20:16","guid":{"rendered":"http:\/\/dryko.com.br\/?page_id=500"},"modified":"2023-07-03T10:51:58","modified_gmt":"2023-07-03T13:51:58","slug":"dryko","status":"publish","type":"page","link":"https:\/\/dryko.com.br\/es\/dryko\/","title":{"rendered":"A DRYKO"},"content":{"rendered":"\n<p>Con nuevas instalaciones, m\u00e1s modernas y actualizadas, DRYKO Impermeabilizantes ha ampliado su capacidad de producci\u00f3n y mejorado sus procesos de calidad, lo que le permite ofrecer al mercado una l\u00ednea de productos con una excelente relaci\u00f3n costo-beneficio.<\/p>\n\n\n\n<p>Operando desde 1999, DRYKO Impermeabilizantes est\u00e1 presente en numerosas obras de diversos tama\u00f1os, atendiendo desde peque\u00f1as empresas hasta grandes constructoras en todo Brasil, gracias a su flexibilidad, agilidad, capacidad de producci\u00f3n y las s\u00f3lidas alianzas que ha consolidado a lo largo de los a\u00f1os.<\/p>\n\n\n\n<p>Recientemente, DRYKO Impermeabilizantes ha ampliado significativamente su capacidad de producci\u00f3n con nuevas instalaciones, m\u00e1s modernas, en un nuevo parque industrial de 110,000 metros cuadrados, y ha mejorado sus procesos de calidad, lo que le permite ofrecer al mercado una l\u00ednea de productos con una excelente relaci\u00f3n costo-beneficio.<\/p>\n\n\n\n<p>Adem\u00e1s de su especializaci\u00f3n t\u00e9cnica, toda la producci\u00f3n de DRYKO Impermeabilizantes sigue procesos certificados por rigurosos organismos internacionales y nacionales, garantizando la calidad y excelencia del producto final.<\/p>\n\n\n\n<p>Con una visi\u00f3n amplia de futuro, DRYKO Impermeabilizantes trabaja respetando los aspectos sociales y ambientales, y siempre est\u00e1 atenta a las novedades del sector. Este enfoque en el futuro, junto con su propuesta basada en calidad, agilidad, flexibilidad y atenci\u00f3n especializada, convierte a la empresa en uno de los principales fabricantes de impermeabilizantes en Brasil.<\/p>\n\n\n\n<p><\/p>\n","protected":false},"excerpt":{"rendered":"<p>Con nuevas instalaciones, m\u00e1s modernas y actualizadas, DRYKO Impermeabilizantes ha ampliado su capacidad de producci\u00f3n y mejorado sus procesos de calidad, lo que le permite ofrecer al mercado una l\u00ednea de productos con una excelente relaci\u00f3n costo-beneficio. Operando desde 1999, DRYKO Impermeabilizantes est\u00e1 presente en numerosas obras de diversos tama\u00f1os, atendiendo desde peque\u00f1as empresas hasta &hellip; <a href=\"https:\/\/dryko.com.br\/es\/dryko\/\">Continued<\/a><\/p>\n","protected":false},"author":6,"featured_media":0,"parent":0,"menu_order":0,"comment_status":"closed","ping_status":"closed","template":"views\/template-dryko.blade.php","meta":{"footnotes":""},"class_list":["post-500","page","type-page","status-publish","hentry"],"yoast_head":"<!-- This site is optimized with the Yoast SEO plugin v26.9 - https:\/\/yoast.com\/product\/yoast-seo-wordpress\/ -->\n<title>A DRYKO - Dryko<\/title>\n<meta name=\"robots\" content=\"index, follow, max-snippet:-1, max-image-preview:large, max-video-preview:-1\" \/>\n<link rel=\"canonical\" href=\"https:\/\/dryko.com.br\/es\/dryko\/\" \/>\n<meta property=\"og:locale\" content=\"es_ES\" \/>\n<meta property=\"og:type\" content=\"article\" \/>\n<meta property=\"og:title\" content=\"A DRYKO - Dryko\" \/>\n<meta property=\"og:description\" content=\"Con nuevas instalaciones, m\u00e1s modernas y actualizadas, DRYKO Impermeabilizantes ha ampliado su capacidad de producci\u00f3n y mejorado sus procesos de calidad, lo que le permite ofrecer al mercado una l\u00ednea de productos con una excelente relaci\u00f3n costo-beneficio. Operando desde 1999, DRYKO Impermeabilizantes est\u00e1 presente en numerosas obras de diversos tama\u00f1os, atendiendo desde peque\u00f1as empresas hasta &hellip; Continued\" \/>\n<meta property=\"og:url\" content=\"https:\/\/dryko.com.br\/es\/dryko\/\" \/>\n<meta property=\"og:site_name\" content=\"Dryko\" \/>\n<meta property=\"article:publisher\" content=\"https:\/\/www.facebook.com\/DrykoImpermeabilizantes\" \/>\n<meta property=\"article:modified_time\" content=\"2023-07-03T13:51:58+00:00\" \/>\n<meta name=\"twitter:card\" content=\"summary_large_image\" \/>\n<meta name=\"twitter:label1\" content=\"Tiempo de lectura\" \/>\n\t<meta name=\"twitter:data1\" content=\"1 minuto\" \/>\n<script type=\"application\/ld+json\" class=\"yoast-schema-graph\">{\"@context\":\"https:\/\/schema.org\",\"@graph\":[{\"@type\":\"WebPage\",\"@id\":\"https:\/\/dryko.com.br\/es\/dryko\/\",\"url\":\"https:\/\/dryko.com.br\/es\/dryko\/\",\"name\":\"A DRYKO - Dryko\",\"isPartOf\":{\"@id\":\"https:\/\/dryko.com.br\/#website\"},\"datePublished\":\"2020-01-13T13:20:16+00:00\",\"dateModified\":\"2023-07-03T13:51:58+00:00\",\"breadcrumb\":{\"@id\":\"https:\/\/dryko.com.br\/es\/dryko\/#breadcrumb\"},\"inLanguage\":\"es\",\"potentialAction\":[{\"@type\":\"ReadAction\",\"target\":[\"https:\/\/dryko.com.br\/es\/dryko\/\"]}]},{\"@type\":\"BreadcrumbList\",\"@id\":\"https:\/\/dryko.com.br\/es\/dryko\/#breadcrumb\",\"itemListElement\":[{\"@type\":\"ListItem\",\"position\":1,\"name\":\"In\u00edcio\",\"item\":\"https:\/\/dryko.com.br\/es\/\"},{\"@type\":\"ListItem\",\"position\":2,\"name\":\"A DRYKO\"}]},{\"@type\":\"WebSite\",\"@id\":\"https:\/\/dryko.com.br\/#website\",\"url\":\"https:\/\/dryko.com.br\/\",\"name\":\"Dryko\",\"description\":\"\",\"publisher\":{\"@id\":\"https:\/\/dryko.com.br\/#organization\"},\"potentialAction\":[{\"@type\":\"SearchAction\",\"target\":{\"@type\":\"EntryPoint\",\"urlTemplate\":\"https:\/\/dryko.com.br\/?s={search_term_string}\"},\"query-input\":{\"@type\":\"PropertyValueSpecification\",\"valueRequired\":true,\"valueName\":\"search_term_string\"}}],\"inLanguage\":\"es\"},{\"@type\":\"Organization\",\"@id\":\"https:\/\/dryko.com.br\/#organization\",\"name\":\"Dryko Impermeabilizantes\",\"url\":\"https:\/\/dryko.com.br\/\",\"logo\":{\"@type\":\"ImageObject\",\"inLanguage\":\"es\",\"@id\":\"https:\/\/dryko.com.br\/#\/schema\/logo\/image\/\",\"url\":\"https:\/\/dryko.com.br\/wp-content\/uploads\/2020\/04\/Dryko-logo-.png\",\"contentUrl\":\"https:\/\/dryko.com.br\/wp-content\/uploads\/2020\/04\/Dryko-logo-.png\",\"width\":487,\"height\":487,\"caption\":\"Dryko Impermeabilizantes\"},\"image\":{\"@id\":\"https:\/\/dryko.com.br\/#\/schema\/logo\/image\/\"},\"sameAs\":[\"https:\/\/www.facebook.com\/DrykoImpermeabilizantes\",\"https:\/\/www.instagram.com\/drykoimpermeabilizantes\/\",\"https:\/\/www.linkedin.com\/company\/dryko-impermeabilizantes\",\"https:\/\/www.youtube.com\/channel\/UCpr0avI1wBHs1vFtrhbAikQ\"]}]}<\/script>\n<!-- \/ Yoast SEO plugin. -->","yoast_head_json":{"title":"A DRYKO - Dryko","robots":{"index":"index","follow":"follow","max-snippet":"max-snippet:-1","max-image-preview":"max-image-preview:large","max-video-preview":"max-video-preview:-1"},"canonical":"https:\/\/dryko.com.br\/es\/dryko\/","og_locale":"es_ES","og_type":"article","og_title":"A DRYKO - Dryko","og_description":"Con nuevas instalaciones, m\u00e1s modernas y actualizadas, DRYKO Impermeabilizantes ha ampliado su capacidad de producci\u00f3n y mejorado sus procesos de calidad, lo que le permite ofrecer al mercado una l\u00ednea de productos con una excelente relaci\u00f3n costo-beneficio. Operando desde 1999, DRYKO Impermeabilizantes est\u00e1 presente en numerosas obras de diversos tama\u00f1os, atendiendo desde peque\u00f1as empresas hasta &hellip; Continued","og_url":"https:\/\/dryko.com.br\/es\/dryko\/","og_site_name":"Dryko","article_publisher":"https:\/\/www.facebook.com\/DrykoImpermeabilizantes","article_modified_time":"2023-07-03T13:51:58+00:00","twitter_card":"summary_large_image","twitter_misc":{"Tiempo de lectura":"1 minuto"},"schema":{"@context":"https:\/\/schema.org","@graph":[{"@type":"WebPage","@id":"https:\/\/dryko.com.br\/es\/dryko\/","url":"https:\/\/dryko.com.br\/es\/dryko\/","name":"A DRYKO - Dryko","isPartOf":{"@id":"https:\/\/dryko.com.br\/#website"},"datePublished":"2020-01-13T13:20:16+00:00","dateModified":"2023-07-03T13:51:58+00:00","breadcrumb":{"@id":"https:\/\/dryko.com.br\/es\/dryko\/#breadcrumb"},"inLanguage":"es","potentialAction":[{"@type":"ReadAction","target":["https:\/\/dryko.com.br\/es\/dryko\/"]}]},{"@type":"BreadcrumbList","@id":"https:\/\/dryko.com.br\/es\/dryko\/#breadcrumb","itemListElement":[{"@type":"ListItem","position":1,"name":"In\u00edcio","item":"https:\/\/dryko.com.br\/es\/"},{"@type":"ListItem","position":2,"name":"A DRYKO"}]},{"@type":"WebSite","@id":"https:\/\/dryko.com.br\/#website","url":"https:\/\/dryko.com.br\/","name":"Dryko","description":"","publisher":{"@id":"https:\/\/dryko.com.br\/#organization"},"potentialAction":[{"@type":"SearchAction","target":{"@type":"EntryPoint","urlTemplate":"https:\/\/dryko.com.br\/?s={search_term_string}"},"query-input":{"@type":"PropertyValueSpecification","valueRequired":true,"valueName":"search_term_string"}}],"inLanguage":"es"},{"@type":"Organization","@id":"https:\/\/dryko.com.br\/#organization","name":"Dryko Impermeabilizantes","url":"https:\/\/dryko.com.br\/","logo":{"@type":"ImageObject","inLanguage":"es","@id":"https:\/\/dryko.com.br\/#\/schema\/logo\/image\/","url":"https:\/\/dryko.com.br\/wp-content\/uploads\/2020\/04\/Dryko-logo-.png","contentUrl":"https:\/\/dryko.com.br\/wp-content\/uploads\/2020\/04\/Dryko-logo-.png","width":487,"height":487,"caption":"Dryko Impermeabilizantes"},"image":{"@id":"https:\/\/dryko.com.br\/#\/schema\/logo\/image\/"},"sameAs":["https:\/\/www.facebook.com\/DrykoImpermeabilizantes","https:\/\/www.instagram.com\/drykoimpermeabilizantes\/","https:\/\/www.linkedin.com\/company\/dryko-impermeabilizantes","https:\/\/www.youtube.com\/channel\/UCpr0avI1wBHs1vFtrhbAikQ"]}]}},"_links":{"self":[{"href":"https:\/\/dryko.com.br\/es\/wp-json\/wp\/v2\/pages\/500","targetHints":{"allow":["GET"]}}],"collection":[{"href":"https:\/\/dryko.com.br\/es\/wp-json\/wp\/v2\/pages"}],"about":[{"href":"https:\/\/dryko.com.br\/es\/wp-json\/wp\/v2\/types\/page"}],"author":[{"embeddable":true,"href":"https:\/\/dryko.com.br\/es\/wp-json\/wp\/v2\/users\/6"}],"replies":[{"embeddable":true,"href":"https:\/\/dryko.com.br\/es\/wp-json\/wp\/v2\/comments?post=500"}],"version-history":[{"count":15,"href":"https:\/\/dryko.com.br\/es\/wp-json\/wp\/v2\/pages\/500\/revisions"}],"predecessor-version":[{"id":9818,"href":"https:\/\/dryko.com.br\/es\/wp-json\/wp\/v2\/pages\/500\/revisions\/9818"}],"wp:attachment":[{"href":"https:\/\/dryko.com.br\/es\/wp-json\/wp\/v2\/media?parent=500"}],"curies":[{"name":"wp","href":"https:\/\/api.w.org\/{rel}","templated":true}]}}